{"id":9,"date":"2025-07-23T04:55:33","date_gmt":"2025-07-23T04:55:33","guid":{"rendered":"https:\/\/plasmaspacestudios.org\/home\/"},"modified":"2025-11-04T00:59:34","modified_gmt":"2025-11-04T00:59:34","slug":"home","status":"publish","type":"page","link":"https:\/\/plasmaspacestudios.org\/en\/","title":{"rendered":"Home"},"content":{"rendered":"<div class=\"wp-block-group alignfull hostinger-ai-about-us-3 hostinger-ai-fade-up\"><div class=\"wp-block-group__inner-container is-layout-constrained wp-block-group-is-layout-constrained\">\n<script src='https:\/\/cdn.jotfor.ms\/agent\/embedjs\/019a4bdd3dc27c45af77e5f738aa82fd8874\/embed.js'>\n<\/script>\n\n\n\n\n\n<div class=\"wp-block-group alignwide hostinger-ai-fade-up is-layout-grid wp-container-core-group-is-layout-229f90bc wp-block-group-is-layout-grid\" style=\"padding-top:var(--wp--preset--spacing--60);padding-right:0;padding-bottom:var(--wp--preset--spacing--60);padding-left:0\">\n<div class=\"wp-block-group hostinger-ai-fade-up wp-container-content-5e2576f9 is-vertical is-content-justification-left is-nowrap is-layout-flex wp-container-core-group-is-layout-243d8815 wp-block-group-is-layout-flex\" style=\"padding-right:var(--wp--preset--spacing--60);padding-left:0\">\n<h2 class=\"wp-block-heading hostinger-ai-title has-dark-color has-text-color has-link-color has-x-large-font-size wp-elements-aa0ee823a74cc3eb6098ffdcb5959241\" style=\"margin-top:0;margin-right:0;margin-bottom:0;margin-left:0;padding-bottom:var(--wp--preset--spacing--20)\">About Plasmaspace Studios Inc.<\/h2>\n\n\n\n<p class=\"hostinger-ai-description has-dark-color has-text-color has-link-color has-medium-font-size wp-elements-8df539e31e2f54acb6e8a922b61f1c27\" style=\"margin-top:0;margin-bottom:var(--wp--preset--spacing--50)\">Plasmaspace Studios Inc. is a dynamic record label dedicated to promoting talented artists and providing exceptional service to the music industry. Join us on this exciting journey.<\/p>\n\n\n\n<div class=\"wp-block-buttons is-layout-flex wp-block-buttons-is-layout-flex\">\n<div class=\"wp-block-button hostinger-ai-cta-button hostinger-index-0\"><a class=\"wp-block-button__link has-dark-color has-text-color has-link-color has-border-color has-medium-font-size has-custom-font-size wp-element-button\" href=\"https:\/\/plasmaspacestudios.org\/en\/about-us\/\" style=\"border-color:#0d141a;border-width:1px;border-radius:50px;padding-top:var(--wp--preset--spacing--30);padding-right:var(--wp--preset--spacing--70);padding-bottom:var(--wp--preset--spacing--30);padding-left:var(--wp--preset--spacing--70);box-shadow:none\">More information<\/a><\/div>\n<\/div>\n<\/div>\n\n\n\n<div class=\"wp-block-group hostinger-ai-fade-up is-layout-grid wp-container-core-group-is-layout-9649a0d9 wp-block-group-is-layout-grid\">\n<figure class=\"wp-block-image size-full has-custom-border hostinger-ai-image hostinger-index-4 wp-container-content-69bc4bdf\"><img decoding=\"async\" src=\"https:\/\/images.unsplash.com\/photo-1667035642986-ac98b3dd9fcd?q=85&amp;w=273&amp;h=462&amp;fit=crop\" alt=\"A black vinyl record with a white and blue label in the center is partially visible. The label includes text such as 'ARISTA' and 'FOR PROMOTION ONLY - NOT FOR SALE.' The record is placed inside a black sleeve with a circular cutout, revealing the label. The surrounding background is mostly white.\" class=\"wp-image-478\" style=\"border-radius:20px\"\/><\/figure>\n\n\n\n<figure class=\"wp-block-image size-full has-custom-border hostinger-ai-image hostinger-index-5\"><img decoding=\"async\" src=\"https:\/\/images.unsplash.com\/photo-1674256826268-e46f80caf93c?q=85&amp;w=273&amp;h=462&amp;fit=crop\" alt=\"A person working at a music production setup with a large monitor displaying music editing software. The room has dim lighting with a red lamp casting a warm glow. Various studio equipment and accessories, such as a keyboard and mixing console, are present.\" class=\"wp-image-479\" style=\"border-radius:20px\"\/><\/figure>\n<\/div>\n<\/div>\n<\/div><\/div>\n\n\n\n<div class=\"wp-block-group alignwide hostinger-ai-our-services-4 hostinger-ai-fade-up\" style=\"padding-top:0;padding-bottom:0\"><div class=\"wp-block-group__inner-container is-layout-constrained wp-block-group-is-layout-constrained\">\n<div class=\"wp-block-group alignwide hostinger-ai-fade-up is-nowrap is-layout-flex wp-container-core-group-is-layout-6c12b65d wp-block-group-is-layout-flex\" style=\"margin-bottom:0;padding-top:0;padding-bottom:var(--wp--preset--spacing--30)\">\n<div class=\"wp-block-columns is-layout-flex wp-container-core-columns-is-layout-9d6595d7 wp-block-columns-is-layout-flex\">\n<div class=\"wp-block-column is-layout-flow wp-block-column-is-layout-flow\" style=\"flex-basis:50%\">\n<h2 class=\"wp-block-heading hostinger-ai-service-title has-x-large-font-size\" style=\"margin-bottom:0\">Comprehensive musical solutions<\/h2>\n<\/div>\n\n\n\n<div class=\"wp-block-column is-vertically-aligned-center has-small-font-size is-layout-constrained wp-block-column-is-layout-constrained\" style=\"flex-basis:50%\">\n<p class=\"hostinger-ai-service-description has-medium-font-size\">Offering exceptional artist services, demo presentations, and the latest music industry updates.<\/p>\n<\/div>\n<\/div>\n<\/div>\n\n\n\n<div class=\"wp-block-group alignwide image-row hostinger-ai-fade-up is-layout-flex wp-block-group-is-layout-flex\" style=\"margin-bottom:0;padding-top:var(--wp--preset--spacing--30)\">\n<figure class=\"wp-block-image size-full is-resized has-custom-border hostinger-ai-service-image hostinger-index-4\"><img fetchpriority=\"high\" decoding=\"async\" width=\"1289\" height=\"1258\" src=\"https:\/\/plasmaspacestudios.org\/wp-content\/uploads\/2025\/07\/Go3fDe_bEAAJVSn.jpeg\" alt=\"\" class=\"wp-image-24\" style=\"border-radius:20px;width:657px;height:auto\" srcset=\"https:\/\/plasmaspacestudios.org\/wp-content\/uploads\/2025\/07\/Go3fDe_bEAAJVSn.jpeg 1289w, https:\/\/plasmaspacestudios.org\/wp-content\/uploads\/2025\/07\/Go3fDe_bEAAJVSn-300x293.jpeg 300w, https:\/\/plasmaspacestudios.org\/wp-content\/uploads\/2025\/07\/Go3fDe_bEAAJVSn-1024x999.jpeg 1024w, https:\/\/plasmaspacestudios.org\/wp-content\/uploads\/2025\/07\/Go3fDe_bEAAJVSn-768x750.jpeg 768w, https:\/\/plasmaspacestudios.org\/wp-content\/uploads\/2025\/07\/Go3fDe_bEAAJVSn-12x12.jpeg 12w\" sizes=\"(max-width: 1289px) 100vw, 1289px\" \/><\/figure>\n<\/div>\n<\/div><\/div>\n\n\n\n<div class=\"wp-block-group alignfull hostinger-ai-solid-block hostinger-ai-fade-up has-color-1-background-color has-background\" style=\"padding-top:var(--wp--preset--spacing--60);padding-bottom:var(--wp--preset--spacing--60)\"><div class=\"wp-block-group__inner-container is-layout-constrained wp-block-group-is-layout-constrained\">\n<div class=\"wp-block-group alignwide hostinger-ai-fade-up is-vertical is-content-justification-center is-nowrap is-layout-flex wp-container-core-group-is-layout-2445e12c wp-block-group-is-layout-flex\" style=\"min-height:0px;padding-top:0;padding-bottom:0\">\n<div class=\"wp-block-group hostinger-ai-fade-up wp-container-content-69bc4bdf is-content-justification-center\"><div class=\"wp-block-group__inner-container is-layout-constrained wp-block-group-is-layout-constrained\">\n<h2 class=\"wp-block-heading has-text-align-center hostinger-ai-title has-dark-color has-text-color has-link-color has-x-large-font-size wp-elements-73664fb66a32446d309e8530651524de\" style=\"margin-top:0;margin-right:0;margin-bottom:0;margin-left:0\">Elevate your sound<\/h2>\n\n\n\n<p class=\"has-text-align-center hostinger-ai-description has-dark-color has-text-color has-link-color has-medium-font-size wp-elements-21ddb218872507f1fe15bc3c39a75f11\" style=\"margin-top:var(--wp--preset--spacing--20);margin-bottom:var(--wp--preset--spacing--50)\">Discover our artists, submit demos, and explore our services. Stay up to date with the latest music industry news.<\/p>\n\n\n\n<div class=\"wp-block-buttons is-content-justification-center is-layout-flex wp-container-core-buttons-is-layout-16018d1d wp-block-buttons-is-layout-flex\">\n<div class=\"wp-block-button hostinger-ai-cta-button\"><a class=\"wp-block-button__link has-dark-color has-contrast-background-color has-text-color has-background has-link-color has-border-color has-medium-font-size has-custom-font-size wp-element-button\" href=\"https:\/\/plasmaspacestudios.org\/en\/join\/\" style=\"border-color:#0d141a;border-width:1px;border-radius:50px;padding-top:var(--wp--preset--spacing--30);padding-right:var(--wp--preset--spacing--70);padding-bottom:var(--wp--preset--spacing--30);padding-left:var(--wp--preset--spacing--70);box-shadow:none\">Join<\/a><\/div>\n<\/div>\n<\/div><\/div>\n<\/div>\n<\/div><\/div>\n\n\n\n<h1 class=\"wp-block-heading has-text-align-center\">Partners<\/h1>\n\n\n\n<figure class=\"wp-block-image size-large\"><img decoding=\"async\" width=\"1024\" height=\"277\" src=\"https:\/\/plasmaspacestudios.org\/wp-content\/uploads\/2025\/08\/Partners2-1024x277.png\" alt=\"\" class=\"wp-image-109\" srcset=\"https:\/\/plasmaspacestudios.org\/wp-content\/uploads\/2025\/08\/Partners2-1024x277.png 1024w, https:\/\/plasmaspacestudios.org\/wp-content\/uploads\/2025\/08\/Partners2-300x81.png 300w, https:\/\/plasmaspacestudios.org\/wp-content\/uploads\/2025\/08\/Partners2-768x208.png 768w, https:\/\/plasmaspacestudios.org\/wp-content\/uploads\/2025\/08\/Partners2-1536x415.png 1536w, https:\/\/plasmaspacestudios.org\/wp-content\/uploads\/2025\/08\/Partners2-18x5.png 18w, https:\/\/plasmaspacestudios.org\/wp-content\/uploads\/2025\/08\/Partners2.png 1920w\" sizes=\"(max-width: 1024px) 100vw, 1024px\" \/><\/figure>\n\n\n\n<div class=\"wp-block-group alignfull hostinger-ai-fade-up\"><div class=\"wp-block-group__inner-container is-layout-constrained wp-block-group-is-layout-constrained\">\n<div class=\"wp-block-group alignwide hostinger-ai-fade-up is-layout-grid wp-container-core-group-is-layout-78c6ece7 wp-block-group-is-layout-grid\">\n<div class=\"wp-block-columns are-vertically-aligned-center is-layout-flex wp-container-core-columns-is-layout-9d6595d7 wp-block-columns-is-layout-flex\">\n<div class=\"wp-block-column is-vertically-aligned-center is-layout-flow wp-block-column-is-layout-flow\" style=\"flex-basis:100%\"><\/div>\n<\/div>\n\n\n\n<div class=\"wp-block-group is-content-justification-center is-nowrap is-layout-flex wp-container-core-group-is-layout-94bc23d7 wp-block-group-is-layout-flex\"><\/div>\n<\/div>\n<\/div><\/div>","protected":false},"excerpt":{"rendered":"<p>About Plasmaspace Studios Inc. Plasmaspace Studios Inc. es un sello discogr\u00e1fico din\u00e1mico dedicado a promocionar artistas talentosos y brindar servicios excepcionales a la industria musical. \u00danase a nosotros en este emocionante viaje. Soluciones musicales integrales Ofreciendo servicios excepcionales para artistas, presentaciones de demostraciones y las \u00faltimas actualizaciones de la industria musical. Eleva tu sonido Descubre [&hellip;]<\/p>","protected":false},"author":1,"featured_media":0,"parent":0,"menu_order":0,"comment_status":"closed","ping_status":"closed","template":"","meta":{"footnotes":""},"class_list":["post-9","page","type-page","status-publish","hentry"],"_links":{"self":[{"href":"https:\/\/plasmaspacestudios.org\/en\/wp-json\/wp\/v2\/pages\/9","targetHints":{"allow":["GET"]}}],"collection":[{"href":"https:\/\/plasmaspacestudios.org\/en\/wp-json\/wp\/v2\/pages"}],"about":[{"href":"https:\/\/plasmaspacestudios.org\/en\/wp-json\/wp\/v2\/types\/page"}],"author":[{"embeddable":true,"href":"https:\/\/plasmaspacestudios.org\/en\/wp-json\/wp\/v2\/users\/1"}],"replies":[{"embeddable":true,"href":"https:\/\/plasmaspacestudios.org\/en\/wp-json\/wp\/v2\/comments?post=9"}],"version-history":[{"count":7,"href":"https:\/\/plasmaspacestudios.org\/en\/wp-json\/wp\/v2\/pages\/9\/revisions"}],"predecessor-version":[{"id":205,"href":"https:\/\/plasmaspacestudios.org\/en\/wp-json\/wp\/v2\/pages\/9\/revisions\/205"}],"wp:attachment":[{"href":"https:\/\/plasmaspacestudios.org\/en\/wp-json\/wp\/v2\/media?parent=9"}],"curies":[{"name":"wp","href":"https:\/\/api.w.org\/{rel}","templated":true}]}}