{"id":69,"date":"2025-07-23T07:32:25","date_gmt":"2025-07-23T07:32:25","guid":{"rendered":"https:\/\/plasmaspacestudios.org\/?page_id=69"},"modified":"2025-08-31T04:07:13","modified_gmt":"2025-08-31T04:07:13","slug":"contact","status":"publish","type":"page","link":"https:\/\/plasmaspacestudios.org\/en\/contact\/","title":{"rendered":"Contacto"},"content":{"rendered":"<script src=\"\/\/code.tidio.co\/uvkncebf1n5f4wy9wepwg0mbynw64of6.js\" async><\/script>\n\n\n\n<p>Aqu\u00ed puedes contactarnos si tienes alg\u00fan problema con la p\u00e1gina, o otros temas de musica, si buscas soporte en general, puede entrar <a href=\"http:\/\/plasmaspacestudios.com\/contacto\/\">aqui<\/a><\/p>\n\n\n\n<p><\/p>\n\n\n\n<p>Discord Server: <a href=\"https:\/\/discord.com\/invite\/9uvKzfvAtF\" target=\"_blank\" rel=\"noreferrer noopener\">https:\/\/discord.com\/invite\/9uvKzfvAtF<\/a><\/p>\n\n\n\n<p><\/p>\n\n\n\n<ul class=\"wp-block-list\">\n<li>Para Dudas o consultas: <a href=\"mailto:Contact@PlasmaSpaceStudios.com\">Contact@PlasmaSpaceStudios.com<\/a><\/li>\n\n\n\n<li>Para consultas comerciales: <a href=\"mailto:Marketing@PlasmaSpaceStudios.com\" target=\"_blank\" rel=\"noreferrer noopener\">Marketing@PlasmaSpaceStudios.com<\/a><\/li>\n\n\n\n<li>Para temas sobre copyright: <a href=\"mailto:Copyright@PlasmaSpaceStudios.com\">Copyright@PlasmaSpaceStudios.com<\/a><\/li>\n\n\n\n<li>Para temas de Distribuci\u00f3n: <a href=\"mailto:RecordLabel@PlasmaSpaceStudios.org\"><em>RecordLabel@PlasmaSpaceStudios.<\/em>org<\/a><\/li>\n<\/ul>","protected":false},"excerpt":{"rendered":"<p>Aqu\u00ed puedes contactarnos si tienes alg\u00fan problema con la p\u00e1gina, o otros temas de musica, si buscas soporte en general, puede entrar aqui Discord Server: https:\/\/discord.com\/invite\/9uvKzfvAtF<\/p>","protected":false},"author":1,"featured_media":0,"parent":0,"menu_order":0,"comment_status":"closed","ping_status":"closed","template":"","meta":{"footnotes":""},"class_list":["post-69","page","type-page","status-publish","hentry"],"_links":{"self":[{"href":"https:\/\/plasmaspacestudios.org\/en\/wp-json\/wp\/v2\/pages\/69","targetHints":{"allow":["GET"]}}],"collection":[{"href":"https:\/\/plasmaspacestudios.org\/en\/wp-json\/wp\/v2\/pages"}],"about":[{"href":"https:\/\/plasmaspacestudios.org\/en\/wp-json\/wp\/v2\/types\/page"}],"author":[{"embeddable":true,"href":"https:\/\/plasmaspacestudios.org\/en\/wp-json\/wp\/v2\/users\/1"}],"replies":[{"embeddable":true,"href":"https:\/\/plasmaspacestudios.org\/en\/wp-json\/wp\/v2\/comments?post=69"}],"version-history":[{"count":4,"href":"https:\/\/plasmaspacestudios.org\/en\/wp-json\/wp\/v2\/pages\/69\/revisions"}],"predecessor-version":[{"id":178,"href":"https:\/\/plasmaspacestudios.org\/en\/wp-json\/wp\/v2\/pages\/69\/revisions\/178"}],"wp:attachment":[{"href":"https:\/\/plasmaspacestudios.org\/en\/wp-json\/wp\/v2\/media?parent=69"}],"curies":[{"name":"wp","href":"https:\/\/api.w.org\/{rel}","templated":true}]}}