{"id":35,"date":"2025-07-23T05:16:55","date_gmt":"2025-07-23T05:16:55","guid":{"rendered":"https:\/\/plasmaspacestudios.org\/?page_id=35"},"modified":"2025-08-28T00:58:21","modified_gmt":"2025-08-28T00:58:21","slug":"join","status":"publish","type":"page","link":"https:\/\/plasmaspacestudios.org\/en\/join\/","title":{"rendered":"Unete"},"content":{"rendered":"<p>En <strong>PlasmaSpace Studios Inc<\/strong>, nuestro compromiso con la excelencia musical nos distingue. Fundado en el coraz\u00f3n de la innovaci\u00f3n sonora, nos dedicamos a descubrir y nutrir talentos \u00fanicos que desaf\u00edan los l\u00edmites de la creatividad. Creemos en el poder de la m\u00fasica para transformar vidas y llevar alegr\u00eda a audiencias de todo el mundo.<\/p>\n\n\n\n<p class=\"has-text-align-center\"><strong>Nuestros Artistas<\/strong><\/p>\n\n\n\n<p class=\"has-text-align-center\">Trabajamos con una amplia variedad de artistas que abarcan m\u00faltiples g\u00e9neros, desde el pop y el rock hasta la m\u00fasica electr\u00f3nica y el indie. En <strong>PlasmaSpace Studios Inc<\/strong>}, cada artista es una estrella en ascenso, y nos esforzamos por proporcionarles las herramientas y el apoyo necesarios para alcanzar su m\u00e1ximo potencial. Nuestra misi\u00f3n es dar voz a aquellos que tienen historias poderosas que contar a trav\u00e9s de su m\u00fasica.<\/p>\n\n\n\n<p class=\"has-text-align-center\"><strong>Nuestra Visi\u00f3n<\/strong><\/p>\n\n\n\n<p class=\"has-text-align-center\">En PlasmaSpace Studios Inc, no solo producimos m\u00fasica &amp; ayudamos a los artistas novatos, creamos experiencias inolvidables. Estamos a la vanguardia de la tecnolog\u00eda musical y las estrategias de marketing para asegurarnos de que cada lanzamiento llegue al coraz\u00f3n de los oyentes. Nuestro objetivo es ser un faro de innovaci\u00f3n y creatividad en la industria musical, y estamos comprometidos a apoyar a nuestros artistas en cada etapa de su carrera.<\/p>\n\n\n\n<p class=\"has-text-align-center\"><strong>\u00danete a Nosotros<\/strong><\/p>\n\n\n\n<p class=\"has-text-align-center\">Si tienes una pasi\u00f3n inigualable por la m\u00fasica y buscas un sello discogr\u00e1fico que valore verdaderamente tu arte, <strong>PlasmaSpace Studios Inc<\/strong> es el lugar perfecto para ti. Siempre estamos en la b\u00fasqueda de nuevos talentos que compartan nuestra visi\u00f3n y nuestro deseo de hacer una diferencia en el mundo de la m\u00fasica. \u00a1Cont\u00e1ctanos hoy mismo y s\u00e9 parte de la familia de PlasmaSpace Studios Inc.!<\/p>\n\n\n\n<div class=\"forminator-ui forminator-custom-form forminator-custom-form-39 forminator-design--default  forminator_ajax\" data-forminator-render=\"0\" data-form=\"forminator-module-39\" data-uid=\"69f27966a2291\"><br\/><\/div><form\n\t\t\t\tid=\"forminator-module-39\"\n\t\t\t\tclass=\"forminator-ui forminator-custom-form forminator-custom-form-39 forminator-design--default  forminator_ajax\"\n\t\t\t\tmethod=\"post\"\n\t\t\t\tdata-forminator-render=\"0\"\n\t\t\t\tdata-form-id=\"39\"\n\t\t\t\tenctype=\"multipart\/form-data\" data-color-option=\"theme\" data-design=\"default\" data-grid=\"open\" style=\"display: none;\"\n\t\t\t\tdata-uid=\"69f27966a2291\" action=\"\"\n\t\t\t><div role=\"alert\" aria-live=\"polite\" class=\"forminator-response-message forminator-error\" aria-hidden=\"true\"><\/div><div class=\"forminator-row\"><div id=\"name-1\" class=\"forminator-field-name forminator-col forminator-col-6\"><div class=\"forminator-field\"><label for=\"forminator-field-name-1_69f27966a2291\" id=\"forminator-field-name-1_69f27966a2291-label\" class=\"forminator-label\">Name<\/label><input type=\"text\" name=\"name-1\" value=\"\" placeholder=\"\" id=\"forminator-field-name-1_69f27966a2291\" class=\"forminator-input forminator-name--field\" aria-required=\"false\" autocomplete=\"name\" \/><\/div><\/div><div id=\"name-2\" class=\"forminator-field-name forminator-col forminator-col-6\"><div class=\"forminator-field\"><label for=\"forminator-field-name-2_69f27966a2291\" id=\"forminator-field-name-2_69f27966a2291-label\" class=\"forminator-label\">Artist Name<\/label><input type=\"text\" name=\"name-2\" value=\"\" placeholder=\"Ej: TeamBrothers\" id=\"forminator-field-name-2_69f27966a2291\" class=\"forminator-input forminator-name--field\" aria-required=\"false\" autocomplete=\"name\" \/><\/div><\/div><\/div><div class=\"forminator-row\"><div id=\"email-1\" class=\"forminator-field-email forminator-col forminator-col-12\"><div class=\"forminator-field\"><label for=\"forminator-field-email-1_69f27966a2291\" id=\"forminator-field-email-1_69f27966a2291-label\" class=\"forminator-label\">Email Address<\/label><input type=\"email\" name=\"email-1\" value=\"\" placeholder=\"\" id=\"forminator-field-email-1_69f27966a2291\" class=\"forminator-input forminator-email--field\" data-required=\"\" aria-required=\"false\" autocomplete=\"email\" \/><\/div><\/div><\/div><div class=\"forminator-row\"><div id=\"name-3\" class=\"forminator-field-name forminator-col forminator-col-12\"><div class=\"forminator-field\"><label for=\"forminator-field-name-3_69f27966a2291\" id=\"forminator-field-name-3_69f27966a2291-label\" class=\"forminator-label\">Link Social Media<\/label><input type=\"text\" name=\"name-3\" value=\"\" placeholder=\"Ej: https:\/\/www.instagram.com\/plasmaspacestudios\/\" id=\"forminator-field-name-3_69f27966a2291\" class=\"forminator-input forminator-name--field\" aria-required=\"false\" autocomplete=\"name\" \/><\/div><\/div><\/div><div class=\"forminator-row\"><div id=\"upload-1\" class=\"forminator-field-upload forminator-col forminator-col-12\"><div class=\"forminator-field\"><label for=\"forminator-field-upload-1_69f27966a2291\" id=\"forminator-field-upload-1_69f27966a2291-label\" class=\"forminator-label\">Music demo..<\/label><span id=\"forminator-field-upload-1_69f27966a2291-description\" class=\"forminator-description\">Recommended formats: .mp3 or .wav<\/span><div class=\"forminator-file-upload\" data-element=\"upload-1_69f27966a2291\" aria-describedby=\"forminator-field-upload-1_69f27966a2291-description\"><input type=\"file\" name=\"upload-1\" id=\"forminator-field-upload-1_69f27966a2291\" class=\"forminator-input-file\" accept=\".jpg,.jpeg,.jpe,.gif,.png,.bmp,.tiff,.tif,.webp,.avif,.ico,.heic,.heif,.heics,.heifs,.asf,.asx,.wmv,.wmx,.wm,.avi,.divx,.flv,.mov,.qt,.mpeg,.mpg,.mpe,.mp4,.m4v,.ogv,.webm,.mkv,.3gp,.3gpp,.3g2,.3gp2,.txt,.asc,.c,.cc,.h,.srt,.csv,.tsv,.ics,.rtx,.vtt,.mp3,.m4a,.m4b,.aac,.ra,.ram,.wav,.x-wav,.ogg,.oga,.flac,.mid,.midi,.wma,.wax,.mka,.rtf,.pdf,.class,.tar,.zip,.gz,.gzip,.7z,.psd,.xcf,.doc,.pot,.pps,.ppt,.wri,.xla,.xls,.xlt,.xlw,.mdb,.mpp,.docx,.docm,.dotx,.dotm,.xlsx,.xlsm,.xlsb,.xltx,.xltm,.xlam,.pptx,.pptm,.ppsx,.ppsm,.potx,.potm,.ppam,.sldx,.sldm,.onetoc,.onetoc2,.onetmp,.onepkg,.oxps,.xps,.odt,.odp,.ods,.odg,.odc,.odb,.odf,.wp,.wpd,.key,.numbers,.pages\" tabindex=\"-1\"><button id=\"forminator-field-upload-1_69f27966a2291_button\" class=\"forminator-button forminator-button-upload\" data-id=\"forminator-field-upload-1_69f27966a2291\">Choose File<\/button><span data-empty-text=\"No file chosen\">No file chosen<\/span><button class=\"forminator-button-delete\" style=\"display: none;\"><i class=\"forminator-icon-close\" aria-hidden=\"true\"><\/i><span class=\"forminator-screen-reader-only\">Delete uploaded file<\/span><\/button><\/div><\/div><\/div><\/div><div class=\"forminator-row\"><div id=\"select-1\" class=\"forminator-field-select forminator-col forminator-col-12\"><div class=\"forminator-field\"><label for=\"forminator-form-39__field--select-1_69f27966a2291\" id=\"forminator-form-39__field--select-1_69f27966a2291-label\" class=\"forminator-label\">Genre music<\/label><select  id=\"forminator-form-39__field--select-1_69f27966a2291\" class=\"forminator-select--field forminator-select2 forminator-select2-multiple\" data-required=\"\" name=\"select-1\" data-default-value=\"\" data-hidden-behavior=\"zero\" data-placeholder=\"\" data-search=\"false\" data-search-placeholder=\"\" data-checkbox=\"false\" data-allow-clear=\"false\" aria-labelledby=\"forminator-form-39__field--select-1_69f27966a2291-label\"><option value=\"one\"  data-calculation=\"0\">Alt. Rock<\/option><option value=\"two\"  data-calculation=\"0\">Alternative<\/option><option value=\"three\"  data-calculation=\"0\">Ambient<\/option><option value=\"four\"  data-calculation=\"0\">Black Metal<\/option><option value=\"five\"  data-calculation=\"0\">Blues<\/option><option value=\"six\"  data-calculation=\"0\">Classic Rock<\/option><option value=\"seven\"  data-calculation=\"0\">Classical<\/option><option value=\"eight\"  data-calculation=\"0\">Club<\/option><option value=\"nine\"  data-calculation=\"0\">Club-House<\/option><option value=\"ten\"  data-calculation=\"0\">Country<\/option><option value=\"eleven\"  data-calculation=\"0\">Dance<\/option><option value=\"twelve\"  data-calculation=\"0\">Dance Hall<\/option><option value=\"thirteen\"  data-calculation=\"0\">Death Metal<\/option><option value=\"fourteen\"  data-calculation=\"0\">Disco<\/option><option value=\"fifteen\"  data-calculation=\"0\">Electronic<\/option><option value=\"sixteen\"  data-calculation=\"0\">Folk<\/option><option value=\"seventeen\"  data-calculation=\"0\">Game<\/option><option value=\"eighteen\"  data-calculation=\"0\">Gangsta Rap<\/option><option value=\"nineteen\"  data-calculation=\"0\">Hard Rock<\/option><option value=\"twenty\"  data-calculation=\"0\">Heavy Metal<\/option><option value=\"twenty-one\"  data-calculation=\"0\">Hip-Hop<\/option><option value=\"twenty-two\"  data-calculation=\"0\">Indie<\/option><option value=\"twenty-three\"  data-calculation=\"0\">Instrumental<\/option><option value=\"twenty-four\"  data-calculation=\"0\">Instrumental Pop<\/option><option value=\"twenty-five\"  data-calculation=\"0\">Instrumental Rock<\/option><option value=\"twenty-six\"  data-calculation=\"0\">JPop<\/option><option value=\"twenty-seven\"  data-calculation=\"0\">Jazz<\/option><option value=\"twenty-eight\"  data-calculation=\"0\">Jazz+Funk<\/option><option value=\"twenty nine\"  data-calculation=\"0\">Latin<\/option><option value=\"thirty\"  data-calculation=\"0\">Lo-Fi<\/option><option value=\"thirty-one\"  data-calculation=\"0\">Meditative<\/option><option value=\"thirty-two\"  data-calculation=\"0\">Metal<\/option><option value=\"thirty-three\"  data-calculation=\"0\">Musical<\/option><option value=\"thirty-four\"  data-calculation=\"0\">Other<\/option><option value=\"thirty-five\"  data-calculation=\"0\">Polka<\/option><option value=\"thirty-six\"  data-calculation=\"0\">Pop<\/option><option value=\"thirty-seven\"  data-calculation=\"0\">Rap<\/option><option value=\"thirty-eight\"  data-calculation=\"0\">Reggae<\/option><option value=\"thirty-nine\"  data-calculation=\"0\">Retro<\/option><option value=\"forty\"  data-calculation=\"0\">Revival<\/option><option value=\"forty-one\"  data-calculation=\"0\">Rock<\/option><option value=\"forty-two\"  data-calculation=\"0\">Rock &amp; Roll<\/option><option value=\"forty-three\"  data-calculation=\"0\">Salsa<\/option><option value=\"forty-four\"  data-calculation=\"0\">Samba<\/option><option value=\"forty-four\"  data-calculation=\"0\">Slow Rock<\/option><option value=\"forty-six\"  data-calculation=\"0\">Symphonic Rock<\/option><option value=\"forty-six\"  data-calculation=\"0\">Symphony<\/option><option value=\"forty-eight\"  data-calculation=\"0\">Synthpop<\/option><option value=\"forty-nine\"  data-calculation=\"0\">Tango<\/option><option value=\"fifty\"  data-calculation=\"0\">Technov<\/option><\/select><\/div><\/div><\/div><div class=\"forminator-row\"><div id=\"textarea-1\" class=\"forminator-field-textarea forminator-col forminator-col-12\"><div class=\"forminator-field\"><label for=\"forminator-field-textarea-1_69f27966a2291\" id=\"forminator-field-textarea-1_69f27966a2291-label\" class=\"forminator-label\">Explain why you want PlasmaSpace Studios Inc. to be your Record Label<\/label><textarea name=\"textarea-1\" placeholder=\"\" id=\"forminator-field-textarea-1_69f27966a2291\" class=\"forminator-textarea\" rows=\"6\" style=\"--forminator-textarea-min-height:140px;\" ><\/textarea><\/div><\/div><\/div><div class=\"forminator-row\"><div id=\"consent-1\" class=\"forminator-field-consent forminator-col forminator-col-12\"><div class=\"forminator-field\"><label for=\"forminator-field-consent-1_69f27966a2291\" id=\"forminator-field-consent-1_69f27966a2291-label\" class=\"forminator-label\">Consent <span class=\"forminator-required\">*<\/span><\/label><div class=\"forminator-checkbox__wrapper\"><label id=\"forminator-field-consent-1_69f27966a2291__label\" class=\"forminator-checkbox forminator-consent\"><input type=\"checkbox\" name=\"consent-1\" id=\"forminator-field-consent-1_69f27966a2291\" value=\"checked\" aria-labelledby=\"forminator-field-consent-1_69f27966a2291-label\" aria-describedby=\"forminator-field-consent-1_69f27966a2291__description\" data-required=\"true\" aria-required=\"true\" \/><span class=\"forminator-checkbox-box\" aria-hidden=\"true\"><\/span><\/label><div id=\"forminator-field-consent-1_69f27966a2291__description\" class=\"forminator-checkbox__label forminator-consent__label\"><p>Accept our&nbsp;<a href=\"http:\/\/plasmaspacestudios.com\/privacy-policy\/\"><strong>Privacy Policy<\/strong><\/a>&nbsp;and our&nbsp;<a href=\"http:\/\/plasmaspacestudios.com\/terms-and-conditions\/\"><strong>Terms and Conditions<\/strong><\/a><\/p><\/div><\/div><\/div><\/div><\/div><input type=\"hidden\" name=\"referer_url\" value=\"\" \/><div class=\"forminator-row forminator-row-last\"><div class=\"forminator-col\"><div class=\"forminator-field\"><button class=\"forminator-button forminator-button-submit\">Submit<\/button><\/div><\/div><\/div><input type=\"hidden\" id=\"forminator_nonce\" name=\"forminator_nonce\" value=\"e33cb4cb14\" \/><input type=\"hidden\" name=\"_wp_http_referer\" value=\"\/en\/wp-json\/wp\/v2\/pages\/35\" \/><input type=\"hidden\" name=\"form_id\" value=\"39\"><input type=\"hidden\" name=\"page_id\" value=\"35\"><input type=\"hidden\" name=\"form_type\" value=\"default\"><input type=\"hidden\" name=\"current_url\" value=\"https:\/\/plasmaspacestudios.org\/en\/join\/\"><input type=\"hidden\" name=\"render_id\" value=\"0\"><input type=\"hidden\" name=\"action\" value=\"forminator_submit_form_custom-forms\"><input type=\"hidden\" name=\"trp-form-language\" value=\"en\"\/><\/form>\n\n\n\n<p><\/p>\n\n\n\n<figure class=\"wp-block-image size-full\"><img fetchpriority=\"high\" decoding=\"async\" width=\"1024\" height=\"432\" src=\"https:\/\/plasmaspacestudios.org\/wp-content\/uploads\/2025\/07\/SponkyAI3-1024x432-1.png\" alt=\"\" class=\"wp-image-44\" srcset=\"https:\/\/plasmaspacestudios.org\/wp-content\/uploads\/2025\/07\/SponkyAI3-1024x432-1.png 1024w, https:\/\/plasmaspacestudios.org\/wp-content\/uploads\/2025\/07\/SponkyAI3-1024x432-1-300x127.png 300w, https:\/\/plasmaspacestudios.org\/wp-content\/uploads\/2025\/07\/SponkyAI3-1024x432-1-768x324.png 768w, https:\/\/plasmaspacestudios.org\/wp-content\/uploads\/2025\/07\/SponkyAI3-1024x432-1-18x8.png 18w\" sizes=\"(max-width: 1024px) 100vw, 1024px\" \/><\/figure>","protected":false},"excerpt":{"rendered":"<p>En PlasmaSpace Studios Inc, nuestro compromiso con la excelencia musical nos distingue. Fundado en el coraz\u00f3n de la innovaci\u00f3n sonora, nos dedicamos a descubrir y nutrir talentos \u00fanicos que desaf\u00edan los l\u00edmites de la creatividad. Creemos en el poder de la m\u00fasica para transformar vidas y llevar alegr\u00eda a audiencias de todo el mundo. Nuestros [&hellip;]<\/p>","protected":false},"author":1,"featured_media":0,"parent":0,"menu_order":0,"comment_status":"closed","ping_status":"closed","template":"","meta":{"footnotes":""},"class_list":["post-35","page","type-page","status-publish","hentry"],"_links":{"self":[{"href":"https:\/\/plasmaspacestudios.org\/en\/wp-json\/wp\/v2\/pages\/35","targetHints":{"allow":["GET"]}}],"collection":[{"href":"https:\/\/plasmaspacestudios.org\/en\/wp-json\/wp\/v2\/pages"}],"about":[{"href":"https:\/\/plasmaspacestudios.org\/en\/wp-json\/wp\/v2\/types\/page"}],"author":[{"embeddable":true,"href":"https:\/\/plasmaspacestudios.org\/en\/wp-json\/wp\/v2\/users\/1"}],"replies":[{"embeddable":true,"href":"https:\/\/plasmaspacestudios.org\/en\/wp-json\/wp\/v2\/comments?post=35"}],"version-history":[{"count":5,"href":"https:\/\/plasmaspacestudios.org\/en\/wp-json\/wp\/v2\/pages\/35\/revisions"}],"predecessor-version":[{"id":123,"href":"https:\/\/plasmaspacestudios.org\/en\/wp-json\/wp\/v2\/pages\/35\/revisions\/123"}],"wp:attachment":[{"href":"https:\/\/plasmaspacestudios.org\/en\/wp-json\/wp\/v2\/media?parent=35"}],"curies":[{"name":"wp","href":"https:\/\/api.w.org\/{rel}","templated":true}]}}