{"id":153,"date":"2025-08-29T02:22:28","date_gmt":"2025-08-29T02:22:28","guid":{"rendered":"https:\/\/plasmaspacestudios.org\/?page_id=153"},"modified":"2025-08-29T03:42:54","modified_gmt":"2025-08-29T03:42:54","slug":"artist-verified","status":"publish","type":"page","link":"https:\/\/plasmaspacestudios.org\/en\/artist-verified\/","title":{"rendered":"Verificado De Artista En YouTube"},"content":{"rendered":"<p><\/p>\n\n\n\n<p class=\"has-text-align-center\">En PlasmaSpace Studios Inc. reconocemos el poder de la presencia digital para consolidar la carrera de nuestros artistas. La verificaci\u00f3n de artista en YouTube es la insignia oficial que certifica tu canal como representaci\u00f3n aut\u00e9ntica de tu proyecto musical. Con este distintivo, tu contenido gana credibilidad y visibilidad ante millones de suscriptores potenciales.<\/p>\n\n\n\n<hr class=\"wp-block-separator has-alpha-channel-opacity\"\/>\n\n\n\n<h3 class=\"wp-block-heading has-text-align-center\"><em>\u00bfQu\u00e9 es la verificaci\u00f3n de artista en YouTube?<\/em><\/h3>\n\n\n\n<p class=\"has-text-align-center\">La verificaci\u00f3n de artista en YouTube asigna un distintivo azul junto al nombre de tu canal, demostrando a la audiencia que eres la fuente oficial de tu m\u00fasica. Este sello ayuda a evitar confusiones con cuentas de fans o imitadores, reforzando tu reputaci\u00f3n profesional. Adem\u00e1s, abre la puerta a herramientas especializadas de YouTube Music y Studio, optimizadas para m\u00fasicos.<\/p>\n\n\n\n<hr class=\"wp-block-separator has-alpha-channel-opacity\"\/>\n\n\n\n<h4 class=\"wp-block-heading has-text-align-center\"><strong><em>Beneficios de la verificaci\u00f3n:<\/em><\/strong><\/h4>\n\n\n\n<ul class=\"wp-block-list\">\n<li>Mayor visibilidad en resultados de b\u00fasqueda y recomendaciones.<\/li>\n\n\n\n<li>Acceso a funciones exclusivas de YouTube Music y YouTube Studio.<\/li>\n\n\n\n<li>Confianza inmediata de tu audiencia al ver el distintivo azul.<\/li>\n\n\n\n<li>Reportes de rendimiento avanzados e insights espec\u00edficos para artistas.<\/li>\n<\/ul>\n\n\n\n<hr class=\"wp-block-separator has-alpha-channel-opacity\"\/>\n\n\n\n<h4 class=\"wp-block-heading has-text-align-center\"><strong><em>Requisitos indispensables<\/em><\/strong><\/h4>\n\n\n\n<ul class=\"wp-block-list\">\n<li>Haber hecho un minimo de 3 lanzamientos con nosotros,<\/li>\n\n\n\n<li>Contenido aut\u00e9ntico y original, reflejo de tu propuesta musical.<\/li>\n\n\n\n<li>Cumplimiento de pol\u00edticas de derechos de autor y normas de comunidad de YouTube.<\/li>\n\n\n\n<li>V\u00ednculo activo con perfiles oficiales en plataformas de streaming y redes sociales.<\/li>\n<\/ul>\n\n\n\n<hr class=\"wp-block-separator has-alpha-channel-opacity\"\/>\n\n\n\n<h4 class=\"wp-block-heading has-text-align-center\"><strong><em>Pasos para solicitar la verificaci\u00f3n<\/em><\/strong><\/h4>\n\n\n\n<ol class=\"wp-block-list\">\n<li>Re\u00fane documentaci\u00f3n oficial: identificaci\u00f3n, prueba de autor\u00eda y enlaces a tus perfiles oficiales.<\/li>\n\n\n\n<li>Env\u00eda tu solicitud a trav\u00e9s del formulario de verificaci\u00f3n de YouTube o mediante tu representante de PlasmaSpace.<\/li>\n\n\n\n<li>Espera la revisi\u00f3n del equipo de YouTube; suele tardar entre dos y cuatro semanas h\u00e1biles.<\/li>\n\n\n\n<li>Una vez aprobado, luce tu insignia de artista y maximiza tu alcance con contenido de calidad.<\/li>\n<\/ol>\n\n\n\n<div class=\"wp-block-buttons is-content-justification-center is-layout-flex wp-container-core-buttons-is-layout-16018d1d wp-block-buttons-is-layout-flex\"><\/div>\n\n\n\n<script type=\"text\/javascript\" src=\"https:\/\/form.jotform.com\/jsform\/252398630280863\"><\/script>","protected":false},"excerpt":{"rendered":"<p>En PlasmaSpace Studios Inc. reconocemos el poder de la presencia digital para consolidar la carrera de nuestros artistas. La verificaci\u00f3n de artista en YouTube es la insignia oficial que certifica tu canal como representaci\u00f3n aut\u00e9ntica de tu proyecto musical. Con este distintivo, tu contenido gana credibilidad y visibilidad ante millones de suscriptores potenciales. \u00bfQu\u00e9 es [&hellip;]<\/p>","protected":false},"author":1,"featured_media":0,"parent":0,"menu_order":0,"comment_status":"closed","ping_status":"closed","template":"","meta":{"footnotes":""},"class_list":["post-153","page","type-page","status-publish","hentry"],"_links":{"self":[{"href":"https:\/\/plasmaspacestudios.org\/en\/wp-json\/wp\/v2\/pages\/153","targetHints":{"allow":["GET"]}}],"collection":[{"href":"https:\/\/plasmaspacestudios.org\/en\/wp-json\/wp\/v2\/pages"}],"about":[{"href":"https:\/\/plasmaspacestudios.org\/en\/wp-json\/wp\/v2\/types\/page"}],"author":[{"embeddable":true,"href":"https:\/\/plasmaspacestudios.org\/en\/wp-json\/wp\/v2\/users\/1"}],"replies":[{"embeddable":true,"href":"https:\/\/plasmaspacestudios.org\/en\/wp-json\/wp\/v2\/comments?post=153"}],"version-history":[{"count":11,"href":"https:\/\/plasmaspacestudios.org\/en\/wp-json\/wp\/v2\/pages\/153\/revisions"}],"predecessor-version":[{"id":168,"href":"https:\/\/plasmaspacestudios.org\/en\/wp-json\/wp\/v2\/pages\/153\/revisions\/168"}],"wp:attachment":[{"href":"https:\/\/plasmaspacestudios.org\/en\/wp-json\/wp\/v2\/media?parent=153"}],"curies":[{"name":"wp","href":"https:\/\/api.w.org\/{rel}","templated":true}]}}