{"id":127,"date":"2025-08-29T00:12:08","date_gmt":"2025-08-29T00:12:08","guid":{"rendered":"https:\/\/plasmaspacestudios.org\/?page_id=127"},"modified":"2025-12-15T01:07:30","modified_gmt":"2025-12-15T01:07:30","slug":"about-us","status":"publish","type":"page","link":"https:\/\/plasmaspacestudios.org\/en\/about-us\/","title":{"rendered":"About Us"},"content":{"rendered":"<p><\/p>\n\n\n\n<h2 class=\"wp-block-heading has-text-align-center\">Bienvenido a PlasmaSpace Records<\/h2>\n\n\n\n<p class=\"has-text-align-center\">En <strong>PlasmaSpace Records<\/strong> somos m\u00e1s que un sello discogr\u00e1fico: somos tu aliado estrat\u00e9gico para llevar tu m\u00fasica al siguiente nivel. Te ofrecemos una plataforma integral que combina creatividad, respaldo profesional y alcance global.<\/p>\n\n\n\n<p><\/p>\n\n\n\n<p class=\"has-text-align-center\">Representamos a diversos artistas emergentes y consolidados, entre ellos&nbsp;<strong>TeamBrothers, GalRuv17, PlasmaSpace<\/strong>&nbsp;and&nbsp;<strong>JaviTwin<\/strong>, fortaleciendo su presencia en la industria musical.<\/p>\n\n\n\n<hr class=\"wp-block-separator has-alpha-channel-opacity\"\/>\n\n\n\n<h2 class=\"wp-block-heading has-text-align-center\"><em>Official WebSites:<\/em><\/h2>\n\n\n\n<ul class=\"wp-block-list\">\n<li><a href=\"https:\/\/plasmaspacestudios.com\">PlasmaSpaceStudios.com<\/a><\/li>\n\n\n\n<li><a href=\"https:\/\/entert.plasmaspacestudios.com\/\" target=\"_blank\" rel=\"noreferrer noopener\">Entert.PlasmaSpaceStudios.com<\/a><\/li>\n\n\n\n<li><a href=\"http:\/\/plasmaspacestudios.org\/en\/\">PlasmaSpaceStudios.org<\/a><\/li>\n<\/ul>\n\n\n\n<p><\/p>\n\n\n\n<p><\/p>\n\n\n\n<p class=\"has-text-align-center\"><em><sub><sup>Los logotipos y nombres comerciales de\u00a0<strong>PlasmaSpace Records<\/strong><\/sup><\/sub><\/em>,<em><sub><sup>\u00a0<strong>PlasmaSpace Productions<\/strong>\u00a0and\u00a0<strong>PlasmaSpace Entertainment<\/strong>\u00a0son propiedad de\u00a0<strong>PlasmaSpace Studios Inc<\/strong>.\u00a0<strong>PlasmaSpace Studios Inc<\/strong>. es una empresa sin personalidad jur\u00eddica. Costa Rica y M\u00e9xico.<\/sup><\/sub><\/em><\/p>","protected":false},"excerpt":{"rendered":"<p>Bienvenido a PlasmaSpace Records En PlasmaSpace Records somos m\u00e1s que un sello discogr\u00e1fico: somos tu aliado estrat\u00e9gico para llevar tu m\u00fasica al siguiente nivel. Te ofrecemos una plataforma integral que combina creatividad, respaldo profesional y alcance global. Representamos a diversos artistas emergentes y consolidados, entre ellos&nbsp;TeamBrothers, GalRuv17, PlasmaSpace&nbsp;y&nbsp;JaviTwin, fortaleciendo su presencia en la industria musical. [&hellip;]<\/p>","protected":false},"author":1,"featured_media":0,"parent":0,"menu_order":0,"comment_status":"closed","ping_status":"closed","template":"","meta":{"footnotes":""},"class_list":["post-127","page","type-page","status-publish","hentry"],"_links":{"self":[{"href":"https:\/\/plasmaspacestudios.org\/en\/wp-json\/wp\/v2\/pages\/127","targetHints":{"allow":["GET"]}}],"collection":[{"href":"https:\/\/plasmaspacestudios.org\/en\/wp-json\/wp\/v2\/pages"}],"about":[{"href":"https:\/\/plasmaspacestudios.org\/en\/wp-json\/wp\/v2\/types\/page"}],"author":[{"embeddable":true,"href":"https:\/\/plasmaspacestudios.org\/en\/wp-json\/wp\/v2\/users\/1"}],"replies":[{"embeddable":true,"href":"https:\/\/plasmaspacestudios.org\/en\/wp-json\/wp\/v2\/comments?post=127"}],"version-history":[{"count":6,"href":"https:\/\/plasmaspacestudios.org\/en\/wp-json\/wp\/v2\/pages\/127\/revisions"}],"predecessor-version":[{"id":290,"href":"https:\/\/plasmaspacestudios.org\/en\/wp-json\/wp\/v2\/pages\/127\/revisions\/290"}],"wp:attachment":[{"href":"https:\/\/plasmaspacestudios.org\/en\/wp-json\/wp\/v2\/media?parent=127"}],"curies":[{"name":"wp","href":"https:\/\/api.w.org\/{rel}","templated":true}]}}