{"id":11,"date":"2025-07-23T04:55:33","date_gmt":"2025-07-23T04:55:33","guid":{"rendered":"https:\/\/plasmaspacestudios.org\/services\/"},"modified":"2025-12-15T01:14:17","modified_gmt":"2025-12-15T01:14:17","slug":"services","status":"publish","type":"page","link":"https:\/\/plasmaspacestudios.org\/en\/services\/","title":{"rendered":"Services"},"content":{"rendered":"<p><\/p>\n\n\n\n<h2 class=\"wp-block-heading has-text-align-center\">Bienvenido a PlasmaSpace Records<\/h2>\n\n\n\n<p class=\"has-text-align-center\">En <strong>PlasmaSpace Records<\/strong> somos m\u00e1s que un sello discogr\u00e1fico: somos tu aliado estrat\u00e9gico para llevar tu m\u00fasica al siguiente nivel. Te ofrecemos una plataforma integral que combina creatividad, respaldo profesional y alcance global<\/p>\n\n\n\n<div class=\"wp-block-group alignfull hostinger-ai-about-us-3 hostinger-ai-fade-up\"><div class=\"wp-block-group__inner-container is-layout-constrained wp-block-group-is-layout-constrained\"><\/div><\/div>\n\n\n\n<div class=\"wp-block-group alignfull hostinger-ai-solid-block hostinger-ai-fade-up has-color-1-background-color has-background\" style=\"padding-top:var(--wp--preset--spacing--60);padding-bottom:var(--wp--preset--spacing--60)\"><div class=\"wp-block-group__inner-container is-layout-constrained wp-block-group-is-layout-constrained\">\n<div class=\"wp-block-group alignwide hostinger-ai-fade-up is-vertical is-content-justification-center is-nowrap is-layout-flex wp-container-core-group-is-layout-2445e12c wp-block-group-is-layout-flex\" style=\"min-height:0px;padding-top:0;padding-bottom:0\"><\/div>\n<\/div><\/div>\n\n\n\n<div class=\"wp-block-group alignfull hostinger-ai-fade-up\"><div class=\"wp-block-group__inner-container is-layout-constrained wp-block-group-is-layout-constrained\">\n<div class=\"wp-block-group alignwide hostinger-ai-fade-up is-layout-grid wp-container-core-group-is-layout-78c6ece7 wp-block-group-is-layout-grid\">\n<div class=\"wp-block-columns are-vertically-aligned-center is-layout-flex wp-container-core-columns-is-layout-9d6595d7 wp-block-columns-is-layout-flex\">\n<div class=\"wp-block-column is-vertically-aligned-center is-layout-flow wp-block-column-is-layout-flow\" style=\"flex-basis:100%\"><\/div>\n<\/div>\n\n\n\n<div class=\"wp-block-group is-content-justification-center is-nowrap is-layout-flex wp-container-core-group-is-layout-94bc23d7 wp-block-group-is-layout-flex\"><\/div>\n<\/div>\n<\/div><\/div>\n\n\n\n<h2 class=\"wp-block-heading has-text-align-center\"><em>Our Services<\/em><\/h2>\n\n\n\n<ul class=\"wp-block-list\">\n<li><strong>360\u00ba Record Label<\/strong> Support in image development, artistic branding, and career planning.<\/li>\n\n\n\n<li><strong>Digital and Physical Distribution<\/strong> We reach all streaming platforms (Spotify, Apple Music, Deezer, and more) and manage physical print runs on demand through our partner Symphonic.com.<\/li>\n\n\n\n<li><strong>Marketing and Promotion<\/strong> Campaigns on playlists, social media, and specialized media. Connections with press, blogs, and radio stations.<\/li>\n\n\n\n<li><strong>Rights Management and Reporting<\/strong> Registration of works, royalty management, and complete transparency in income reporting.<\/li>\n<\/ul>\n\n\n\n<hr class=\"wp-block-separator has-alpha-channel-opacity\"\/>\n\n\n\n<h2 class=\"wp-block-heading has-text-align-center\">\u00bfPor qu\u00e9 Elegir PlasmaSpace Records?<\/h2>\n\n\n\n<ul class=\"wp-block-list\">\n<li>Proven track record supporting emerging and established artists.<\/li>\n\n\n\n<li>Official Partner of <a href=\"http:\/\/Symphonic.com\"><strong>Symphonic<\/strong><\/a> to maximize your global reach.<\/li>\n\n\n\n<li>Nos asociamos con <strong><a href=\"https:\/\/frederator.com\">Frederator Network<\/a><\/strong>, para asi administrar el Content ID en YouTube.<\/li>\n\n\n\n<li>Agile processes: from contract signing to launch, all in a matter of weeks.<\/li>\n\n\n\n<li>Multidisciplinary team: producers, designers, marketing strategists, and entertainment lawyers.<\/li>\n<\/ul>\n\n\n\n<h2 class=\"wp-block-heading has-text-align-center\">Plans and Prices<\/h2>\n\n\n\n<ul class=\"wp-block-list\">\n<li><strong>B\u00e1sic:<\/strong> Digital distribution via Symphonic.com, monthly streaming report, quarterly consultation.<\/li>\n\n\n\n<li><strong>Professional:<\/strong> Todo lo B\u00e1sico + campa\u00f1as en playlists, dise\u00f1o de portada, gesti\u00f3n de derechos completa.<\/li>\n<\/ul>\n\n\n\n<p>Note: Our service is free on the \u201cBasic Plan,\u201d but if you want to keep 100% of the profits, you can upgrade to the \u201cProfessional\u201d plan, which costs $50 USD per year.<\/p>\n\n\n\n<p><\/p>\n\n\n\n<h2 class=\"wp-block-heading has-text-align-center\">How to Get Started<\/h2>\n\n\n\n<ol start=\"1\" class=\"wp-block-list\">\n<li>Complete our contact form.<\/li>\n\n\n\n<li>Send your demo to: <a href=\"https:\/\/plasmaspacestudios.org\/en\/join\/\">https:\/\/plasmaspacestudios.org\/join\/<\/a><\/li>\n\n\n\n<li>Digitally sign the agreement and prepare your launch.<\/li>\n<\/ol>\n\n\n\n<p class=\"has-text-align-center\">With <strong>PlasmaSpace Records<\/strong> tu m\u00fasica no solo suena: impacta. <\/p>\n\n\n\n<p class=\"has-text-align-center\">\u00a1Da el primer paso hacia tu gran lanzamiento hoy mismo!<\/p>","protected":false},"excerpt":{"rendered":"<p>Bienvenido a PlasmaSpace Records En PlasmaSpace Records somos m\u00e1s que un sello discogr\u00e1fico: somos tu aliado estrat\u00e9gico para llevar tu m\u00fasica al siguiente nivel. Te ofrecemos una plataforma integral que combina creatividad, respaldo profesional y alcance global Nuestros Servicios \u00bfPor qu\u00e9 Elegir PlasmaSpace Records? Planes y Precios Nota: Nuestro servicio es gratis &#8220;El plan basico&#8221;, [&hellip;]<\/p>","protected":false},"author":1,"featured_media":0,"parent":0,"menu_order":0,"comment_status":"closed","ping_status":"closed","template":"","meta":{"footnotes":""},"class_list":["post-11","page","type-page","status-publish","hentry"],"_links":{"self":[{"href":"https:\/\/plasmaspacestudios.org\/en\/wp-json\/wp\/v2\/pages\/11","targetHints":{"allow":["GET"]}}],"collection":[{"href":"https:\/\/plasmaspacestudios.org\/en\/wp-json\/wp\/v2\/pages"}],"about":[{"href":"https:\/\/plasmaspacestudios.org\/en\/wp-json\/wp\/v2\/types\/page"}],"author":[{"embeddable":true,"href":"https:\/\/plasmaspacestudios.org\/en\/wp-json\/wp\/v2\/users\/1"}],"replies":[{"embeddable":true,"href":"https:\/\/plasmaspacestudios.org\/en\/wp-json\/wp\/v2\/comments?post=11"}],"version-history":[{"count":7,"href":"https:\/\/plasmaspacestudios.org\/en\/wp-json\/wp\/v2\/pages\/11\/revisions"}],"predecessor-version":[{"id":292,"href":"https:\/\/plasmaspacestudios.org\/en\/wp-json\/wp\/v2\/pages\/11\/revisions\/292"}],"wp:attachment":[{"href":"https:\/\/plasmaspacestudios.org\/en\/wp-json\/wp\/v2\/media?parent=11"}],"curies":[{"name":"wp","href":"https:\/\/api.w.org\/{rel}","templated":true}]}}